{"id":97,"date":"2014-04-17T16:49:16","date_gmt":"2014-04-17T15:49:16","guid":{"rendered":"http:\/\/miguelhenriques.com\/beta\/?page_id=97"},"modified":"2026-02-05T00:07:54","modified_gmt":"2026-02-04T23:07:54","slug":"directeurphoto","status":"publish","type":"page","link":"https:\/\/miguelhenriques.com\/fr\/directeurphoto\/","title":{"rendered":"DIRECTEUR PHOTO"},"content":{"rendered":"<p>Je suis un directeur de la photographie et un\u00a0<b>op\u00e9rateur\u00a0Steadicam-Trinity<\/b>\u00a0anim\u00e9 par une passion profonde pour l\u2019image et le mouvement. Depuis plus de 20 ans, je mets la lumi\u00e8re au service des histoires, en cr\u00e9ant des univers visuels puissants, immersifs et r\u00e9solument cin\u00e9matographiques. Je suis <b>membre de l\u2019IATSE 667 et d\u2019AQTIS 514 IATSE<\/b>.<\/p>\n<p>Mon parcours m\u2019a men\u00e9 \u00e0 collaborer avec de grands diffuseurs canadiens tels que <b>Radio-Canada, CBC, TVA<\/b> et plusieurs cha\u00eenes sp\u00e9cialis\u00e9es, avant de rejoindre le <b>Cirque du Soleil<\/b>, o\u00f9 j\u2019ai capt\u00e9 la force visuelle des spectacles et r\u00e9alis\u00e9 des documentaires \u00e0 travers le monde. J\u2019y ai d\u00e9velopp\u00e9 une approche pr\u00e9cise et instinctive de la cam\u00e9ra en mouvement.<\/p>\n<p>En tant que <b>directeur de la photographie<\/b>, j\u2019ai sign\u00e9 les longs m\u00e9trages <i>WOLFE<\/i> (2018) et <i>ANNA KIRI<\/i> (2025), tout en collaborant sur de nombreuses productions canadiennes et am\u00e9ricaines. <b>Membre de l\u2019IATSE 667 et d\u2019AQTIS 514 IATSE<\/b>, j\u2019\u00e9volue au c\u0153ur de productions ambitieuses et exigeantes.<\/p>\n<p>Depuis 2016, je suis un\u00a0<b>op\u00e9rateur cam\u00e9ra sp\u00e9cialis\u00e9<\/b> et un partenaire de <b>Rapid Filmworks<\/b>, avec une expertise en\u00a0<b>cam\u00e9ras gyrostabilis\u00e9es<\/b> et <b>syst\u00e8mes U-Crane<\/b>. Mon travail repose sur la ma\u00eetrise du mouvement, la pr\u00e9cision du cadre et une recherche constante d\u2019images spectaculaires et organiques.<\/p>\n<p><span style=\"color: #999999;\"><a style=\"color: #999999;\" href=\"https:\/\/www.imdb.com\/name\/nm8559889\/\" target=\"_blank\" rel=\"noopener\"><img loading=\"lazy\" class=\"alignnone wp-image-24321\" src=\"https:\/\/miguelhenriques.com\/wp-content\/uploads\/2022\/10\/IMDB-300x148.png\" alt=\"\" width=\"100\" height=\"49\" srcset=\"https:\/\/miguelhenriques.com\/wp-content\/uploads\/2022\/10\/IMDB-300x148.png 300w, https:\/\/miguelhenriques.com\/wp-content\/uploads\/2022\/10\/IMDB-1024x504.png 1024w, https:\/\/miguelhenriques.com\/wp-content\/uploads\/2022\/10\/IMDB-768x378.png 768w, https:\/\/miguelhenriques.com\/wp-content\/uploads\/2022\/10\/IMDB-1536x757.png 1536w, https:\/\/miguelhenriques.com\/wp-content\/uploads\/2022\/10\/IMDB-2048x1009.png 2048w\" sizes=\"(max-width: 100px) 100vw, 100px\" \/><\/a><\/span><\/p>\n<div><\/div>\n<div><\/div>\n<div><\/div>\n<p>&nbsp;<\/p>\n<h4 style=\"position: relative; width: 100%; max-width: 100%;\"><iframe loading=\"lazy\" src=\"https:\/\/player.vimeo.com\/video\/1161975687?title=0&amp;byline=0&amp;portrait=0\" width=\"1024\" height=\"576\" frameborder=\"0\" allowfullscreen=\"allowfullscreen\"><span style=\"display: inline-block; width: 0px; overflow: hidden; line-height: 0;\" data-mce-type=\"bookmark\" class=\"mce_SELRES_start\">?<\/span><br \/>\n<\/iframe><span style=\"color: #ffffff;\"><strong>NARRATIVE CINEMATOGRAPHY <\/strong><em>\/\/ REEL 2025<\/em><\/span><\/h4>\n","protected":false},"excerpt":{"rendered":"<p>Je suis un directeur de la photographie et un\u00a0op\u00e9rateur\u00a0Steadicam-Trinity\u00a0anim\u00e9 par une passion profonde pour l\u2019image et le mouvement. Depuis plus de 20 ans, je mets la lumi\u00e8re au service des histoires, en cr\u00e9ant des univers visuels puissants, immersifs et r\u00e9solument cin\u00e9matographiques. Je suis membre de&hellip;<\/p>\n","protected":false},"author":1,"featured_media":25266,"parent":0,"menu_order":0,"comment_status":"closed","ping_status":"closed","template":"template-cinematographer.php","meta":{"_monsterinsights_skip_tracking":false,"_monsterinsights_sitenote_active":false,"_monsterinsights_sitenote_note":"","_monsterinsights_sitenote_category":0,"spay_email":""},"acf":[],"_links":{"self":[{"href":"https:\/\/miguelhenriques.com\/fr\/wp-json\/wp\/v2\/pages\/97"}],"collection":[{"href":"https:\/\/miguelhenriques.com\/fr\/wp-json\/wp\/v2\/pages"}],"about":[{"href":"https:\/\/miguelhenriques.com\/fr\/wp-json\/wp\/v2\/types\/page"}],"author":[{"embeddable":true,"href":"https:\/\/miguelhenriques.com\/fr\/wp-json\/wp\/v2\/users\/1"}],"replies":[{"embeddable":true,"href":"https:\/\/miguelhenriques.com\/fr\/wp-json\/wp\/v2\/comments?post=97"}],"version-history":[{"count":277,"href":"https:\/\/miguelhenriques.com\/fr\/wp-json\/wp\/v2\/pages\/97\/revisions"}],"predecessor-version":[{"id":25366,"href":"https:\/\/miguelhenriques.com\/fr\/wp-json\/wp\/v2\/pages\/97\/revisions\/25366"}],"wp:featuredmedia":[{"embeddable":true,"href":"https:\/\/miguelhenriques.com\/fr\/wp-json\/wp\/v2\/media\/25266"}],"wp:attachment":[{"href":"https:\/\/miguelhenriques.com\/fr\/wp-json\/wp\/v2\/media?parent=97"}],"curies":[{"name":"wp","href":"https:\/\/api.w.org\/{rel}","templated":true}]}}