{"id":24052,"date":"2022-05-25T22:10:52","date_gmt":"2022-05-25T21:10:52","guid":{"rendered":"https:\/\/miguelhenriques.com\/?page_id=24052"},"modified":"2026-01-09T15:25:36","modified_gmt":"2026-01-09T14:25:36","slug":"steadicam-trinity","status":"publish","type":"page","link":"https:\/\/miguelhenriques.com\/fr\/steadicam-trinity\/","title":{"rendered":"STEADICAM TRINITY"},"content":{"rendered":"<h2>OP\u00c9RATEUR CERTIFI\u00c9<\/h2>\n<p>Miguel est certifi\u00e9 comme op\u00e9rateur de Steadicam \u00ab\u00a0Camera Stabilizing Systems\u00a0\u00bb depuis 2011 par Tiffen Steadicam workshop Ltd. et est membre <strong>IATSE 667 <\/strong>et<strong>\u00a0AQTIS 514\u00a0<\/strong><b>IATSE<\/b><\/p>\n<p>&nbsp;<\/p>\n<h2>OP\u00c9RATEUR ARRI TRINITY<\/h2>\n<p>Stabilisateur hybride 5 axes unique en son genre qui combine la stabilisation m\u00e9canique classique avec la technologie avanc\u00e9e des cardans, TRINITY 2 est le fleuron de la gamme CSS d&rsquo;ARRI qui permet de nouvelles fa\u00e7ons r\u00e9volutionnaires d&rsquo;op\u00e9rer.\u00a0Miguel travaille actuellement sur sa D\u00e9mo en tant qu&rsquo;op\u00e9rateur Arri Trinity et sera disponible tr\u00e8s bient\u00f4t.<\/p>\n<p>&nbsp;<\/p>\n<h3 style=\"text-align: left;\"><strong><a class=\"back-btn\" title=\"HIRE MIGUEL\" href=\"https:\/\/miguelhenriques.com\/fr\/contact\/\">\/\/ POUR TOUTE DEMANDE DE RENSEIGNEMENT<\/a><\/strong><\/h3>\n<h3><\/h3>\n","protected":false},"excerpt":{"rendered":"<p>OP\u00c9RATEUR CERTIFI\u00c9 Miguel est certifi\u00e9 comme op\u00e9rateur de Steadicam \u00ab\u00a0Camera Stabilizing Systems\u00a0\u00bb depuis 2011 par Tiffen Steadicam workshop Ltd. et est membre IATSE 667 et\u00a0AQTIS 514\u00a0IATSE &nbsp; OP\u00c9RATEUR ARRI TRINITY Stabilisateur hybride 5 axes unique en son genre qui combine la stabilisation m\u00e9canique classique avec&hellip;<\/p>\n","protected":false},"author":1,"featured_media":24367,"parent":0,"menu_order":0,"comment_status":"closed","ping_status":"closed","template":"template-remote-head.php","meta":{"_monsterinsights_skip_tracking":false,"_monsterinsights_sitenote_active":false,"_monsterinsights_sitenote_note":"","_monsterinsights_sitenote_category":0,"spay_email":""},"acf":[],"_links":{"self":[{"href":"https:\/\/miguelhenriques.com\/fr\/wp-json\/wp\/v2\/pages\/24052"}],"collection":[{"href":"https:\/\/miguelhenriques.com\/fr\/wp-json\/wp\/v2\/pages"}],"about":[{"href":"https:\/\/miguelhenriques.com\/fr\/wp-json\/wp\/v2\/types\/page"}],"author":[{"embeddable":true,"href":"https:\/\/miguelhenriques.com\/fr\/wp-json\/wp\/v2\/users\/1"}],"replies":[{"embeddable":true,"href":"https:\/\/miguelhenriques.com\/fr\/wp-json\/wp\/v2\/comments?post=24052"}],"version-history":[{"count":32,"href":"https:\/\/miguelhenriques.com\/fr\/wp-json\/wp\/v2\/pages\/24052\/revisions"}],"predecessor-version":[{"id":25188,"href":"https:\/\/miguelhenriques.com\/fr\/wp-json\/wp\/v2\/pages\/24052\/revisions\/25188"}],"wp:featuredmedia":[{"embeddable":true,"href":"https:\/\/miguelhenriques.com\/fr\/wp-json\/wp\/v2\/media\/24367"}],"wp:attachment":[{"href":"https:\/\/miguelhenriques.com\/fr\/wp-json\/wp\/v2\/media?parent=24052"}],"curies":[{"name":"wp","href":"https:\/\/api.w.org\/{rel}","templated":true}]}}