{"id":20864,"date":"2018-11-29T17:04:36","date_gmt":"2018-11-29T16:04:36","guid":{"rendered":"http:\/\/miguelhenriques.com\/movi\/"},"modified":"2025-03-20T16:06:40","modified_gmt":"2025-03-20T15:06:40","slug":"remotehead","status":"publish","type":"page","link":"https:\/\/miguelhenriques.com\/fr\/remotehead\/","title":{"rendered":"CAMERA GYROSTABILISEE"},"content":{"rendered":"<div id=\"react-root\">\n<h2><strong>OP\u00c9RATEUR CERTIFI\u00c9<\/strong><\/h2>\n<p>Miguel peut op\u00e9rer n&rsquo;importe quelle Remote Head \u00e0 distance de Filmotechnic. (ex: Flight Head VII, 3, Compact, Apex, etc.), Libra Head, Freefly Systems (MOVI PRO, XL), DJI Ronin 2, Varizoom et autre. Miguel est un membre<a href=\"https:\/\/www.iatse667.com\/en\/\"><strong><span style=\"color: #ffffff;\"> IATSE 667<\/span> <\/strong><\/a>et<span style=\"color: #ffffff;\"><strong style=\"color: #ffffff;\"><a style=\"color: #ffffff;\" href=\"https:\/\/aqtis514iatse.com\/fr\/\">\u00a0AQTIS 514 IATSE<\/a><\/strong><\/span><\/p>\n<\/div>\n<p>Une Remote Head donne aux r\u00e9alisateurs et aux directeurs de la photographie des milliers de nouvelles possibilit\u00e9s en mati\u00e8re de mouvements de cam\u00e9ra, puisqu&rsquo;elle peut faire des choses qui \u00e9taient auparavant impossibles, comme les mouvements de t\u00eate hollandais, la rotation sans fin sur chaque axe, ainsi que des mouvements d&rsquo;inclinaison et de panoramique extr\u00eamement pr\u00e9cis. Il s&rsquo;agit et il s&rsquo;agira d&rsquo;un outil vraiment puissant et polyvalent qui, malgr\u00e9 son co\u00fbt initial \u00e9lev\u00e9, peut faire gagner du temps et de l&rsquo;argent \u00e0 la production en facilitant et en acc\u00e9l\u00e9rant, apr\u00e8s la mise en place initiale, le d\u00e9placement de la cam\u00e9ra et\/ou en la pla\u00e7ant dans des positions qui seraient extr\u00eamement difficiles et dangereuses \u00e0 atteindre avec d&rsquo;autres types de poign\u00e9es, sans oublier que l&rsquo;op\u00e9rateur n&rsquo;aura pas besoin d&rsquo;\u00eatre \u00e0 c\u00f4t\u00e9 de la cam\u00e9ra, ce qui constitue \u00e9galement une meilleure solution en termes de s\u00e9curit\u00e9. Avec un bras russe, une technocrane ou m\u00eame une grue standard, la t\u00eate \u00e0 distance est un \u00e9l\u00e9ment cl\u00e9 qui peut faire la diff\u00e9rence entre une prise de vue parfaite et une mauvaise.<\/p>\n<p>&nbsp;<\/p>\n<h2>FILMOTECHNIC SYSTEMS<\/h2>\n<p>La conception unique de la Flight Head gyrostabilis\u00e9e sur 3 ou 4 axes, \u00e9limine toutes les bosses et les vibrations, ce qui permet d&rsquo;obtenir une image extr\u00eamement douce et stable (objectifs de film de 10 \u00e0 500 mm).<\/p>\n<blockquote><p>La Flight Head\u00a0permet un contr\u00f4le complet des fonctions de la cam\u00e9ra et de l&rsquo;objectif.<\/p>\n<p>La t\u00eate \u00e0 distance est command\u00e9e par un joystick ou des manettes.<\/p>\n<p>En plus de son r\u00f4le sp\u00e9cifique avec le Russian Arm, la Flight Head est la t\u00eate parfaite pour: Super Techno Cranes, Shock Absorber, Camera Cars, Chase Cars, Boats, Remote Dollies.<\/p><\/blockquote>\n<p>&nbsp;<\/p>\n<h2>LIBRA HEAD<\/h2>\n<p>Compact et l\u00e9ger, le Libra est un support de cam\u00e9ra stabilis\u00e9 tr\u00e8s flexible qui s&rsquo;adapte facilement \u00e0 la plupart des sc\u00e9narios. Rapide et simple \u00e0 mettre en place, c&rsquo;est une plateforme de cam\u00e9ra tr\u00e8s adaptable. Elle s&rsquo;adapte \u00e0 toutes les combinaisons courantes de cam\u00e9ras et d&rsquo;objectifs. 35mm, 16mm, TV, Hi Def. Paquets de cam\u00e9ras Vista &#8211; Beaumont, IMAX &#8211; MSM.<\/p>\n<blockquote><p>Tous les axes sont stabilis\u00e9s, ce qui permet de suivre la piste sur des routes plus accident\u00e9es, en dehors des routes, \u00e0 grande vitesse et avec des objectifs plus longs.<\/p>\n<p>La t\u00eate de commande \u00e0 distance Libra est soumise \u00e0 des contraintes m\u00e9caniques pour les applications difficiles et poss\u00e8de des composants scell\u00e9s pour les conditions environnementales difficiles.<\/p><\/blockquote>\n<h2>FREEFLY SYSTEMS<\/h2>\n<p><strong>MOVI PRO <\/strong>(Digital 3-Axis Camera Stabilizer)\u00a0offre les meilleures performances, la plus grande flexibilit\u00e9 et la plus grande facilit\u00e9 d&rsquo;utilisation du secteur.<\/p>\n<blockquote><p>Un syst\u00e8me l\u00e9ger et portable qui permet aux utilisateurs de cr\u00e9er rapidement et facilement du contenu vid\u00e9o de qualit\u00e9 production.<\/p><\/blockquote>\n<p>&nbsp;<\/p>\n<h3><\/h3>\n<h2>Pour plus de d\u00e9tails visitez<\/h2>\n<ul>\n<li><span style=\"color: #ffffff;\"><strong><a style=\"color: #ffffff;\" href=\"http:\/\/rapidfilmworks.com\" target=\"_blank\" rel=\"noopener\">RAPID FILMWORKS<\/a><\/strong><\/span><span style=\"color: #ffffff;\"><strong><br \/>\n<\/strong><\/span><\/p>\n<hr \/>\n<p style=\"text-align: left;\"><a href=\"https:\/\/www.imdb.com\/name\/nm8559889\/\" target=\"_blank\" rel=\"noopener\"><img loading=\"lazy\" class=\"alignnone wp-image-24321\" src=\"https:\/\/miguelhenriques.com\/wp-content\/uploads\/2022\/10\/IMDB-300x148.png\" alt=\"\" width=\"100\" height=\"49\" srcset=\"https:\/\/miguelhenriques.com\/wp-content\/uploads\/2022\/10\/IMDB-300x148.png 300w, https:\/\/miguelhenriques.com\/wp-content\/uploads\/2022\/10\/IMDB-1024x504.png 1024w, https:\/\/miguelhenriques.com\/wp-content\/uploads\/2022\/10\/IMDB-768x378.png 768w, https:\/\/miguelhenriques.com\/wp-content\/uploads\/2022\/10\/IMDB-1536x757.png 1536w, https:\/\/miguelhenriques.com\/wp-content\/uploads\/2022\/10\/IMDB-2048x1009.png 2048w\" sizes=\"(max-width: 100px) 100vw, 100px\" \/><\/a><\/p>\n<h3 style=\"text-align: left;\"><strong><a class=\"back-btn\" title=\"HIRE MIGUEL\" href=\"http:\/\/miguelhenriques.com\/contact\/\">CONTACTEZ-LE POUR OBTENIR SON CV COMPLET<\/a><\/strong><\/h3>\n<\/li>\n<\/ul>\n","protected":false},"excerpt":{"rendered":"<p>OP\u00c9RATEUR CERTIFI\u00c9 Miguel peut op\u00e9rer n&rsquo;importe quelle Remote Head \u00e0 distance de Filmotechnic. (ex: Flight Head VII, 3, Compact, Apex, etc.), Libra Head, Freefly Systems (MOVI PRO, XL), DJI Ronin 2, Varizoom et autre. Miguel est un membre IATSE 667 et\u00a0AQTIS 514 IATSE Une Remote&hellip;<\/p>\n","protected":false},"author":1,"featured_media":22434,"parent":0,"menu_order":0,"comment_status":"closed","ping_status":"closed","template":"template-remote-head.php","meta":{"_monsterinsights_skip_tracking":false,"_monsterinsights_sitenote_active":false,"_monsterinsights_sitenote_note":"","_monsterinsights_sitenote_category":0,"spay_email":""},"acf":[],"_links":{"self":[{"href":"https:\/\/miguelhenriques.com\/fr\/wp-json\/wp\/v2\/pages\/20864"}],"collection":[{"href":"https:\/\/miguelhenriques.com\/fr\/wp-json\/wp\/v2\/pages"}],"about":[{"href":"https:\/\/miguelhenriques.com\/fr\/wp-json\/wp\/v2\/types\/page"}],"author":[{"embeddable":true,"href":"https:\/\/miguelhenriques.com\/fr\/wp-json\/wp\/v2\/users\/1"}],"replies":[{"embeddable":true,"href":"https:\/\/miguelhenriques.com\/fr\/wp-json\/wp\/v2\/comments?post=20864"}],"version-history":[{"count":120,"href":"https:\/\/miguelhenriques.com\/fr\/wp-json\/wp\/v2\/pages\/20864\/revisions"}],"predecessor-version":[{"id":24479,"href":"https:\/\/miguelhenriques.com\/fr\/wp-json\/wp\/v2\/pages\/20864\/revisions\/24479"}],"wp:featuredmedia":[{"embeddable":true,"href":"https:\/\/miguelhenriques.com\/fr\/wp-json\/wp\/v2\/media\/22434"}],"wp:attachment":[{"href":"https:\/\/miguelhenriques.com\/fr\/wp-json\/wp\/v2\/media?parent=20864"}],"curies":[{"name":"wp","href":"https:\/\/api.w.org\/{rel}","templated":true}]}}