{"id":20860,"date":"2018-11-29T17:12:24","date_gmt":"2018-11-29T16:12:24","guid":{"rendered":"http:\/\/miguelhenriques.com\/russian-arm\/"},"modified":"2026-01-23T17:24:03","modified_gmt":"2026-01-23T16:24:03","slug":"rapidfilmworks","status":"publish","type":"page","link":"https:\/\/miguelhenriques.com\/fr\/rapidfilmworks\/","title":{"rendered":"TRACKING VEHICLE"},"content":{"rendered":"<h2><strong>OP\u00c9RATEUR CERTIFI\u00c9<\/strong><\/h2>\n<p class=\"p1\"><span class=\"s1\">Miguel, copropri\u00e9taire de <\/span><strong><span class=\"s2\">RAPID FILMWORKS INC.<\/span><\/strong><span class=\"s1\"> depuis 2025, met son expertise d\u2019op\u00e9rateur des l\u00e9gendaires \u00ab Camera Car Systems \u00bb (U-CRANE) et son engagement en tant que membre de l\u2019IATSE 667 et de l\u2019AQTIS 514 IATSE au service de vos productions.<\/span><\/p>\n<p class=\"p1\"><strong><span class=\"s2\">RAPID FILMWORKS<\/span><\/strong><span class=\"s1\"> vous offre une flotte de syst\u00e8mes de cam\u00e9ras gyrostabilis\u00e9s de classe mondiale, incluant la tete gyrostabilis\u00e9 <\/span><strong><span class=\"s2\">Flight Head<\/span><\/strong><span class=\"s1\">\u00a0et plusieurs v\u00e9hicules de poursuite, con\u00e7us pour des prises de vue \u00e0 grande vitesse, pr\u00e9cises et spectaculaires.<\/span><\/p>\n<p class=\"p1\"><span class=\"s1\">Qu\u2019il s\u2019agisse de sc\u00e8nes dynamiques ou de tournages en conditions extr\u00eames, notre \u00e9quipement et notre savoir-faire garantissent fiabilit\u00e9, rapidit\u00e9 et excellence visuelle, pour des productions de toute envergure.<\/span><\/p>\n<a href=\"http:\/\/rapidfilmworks.com\" target=\"_blank\" rel=\"noopener\"><img loading=\"lazy\" class=\"alignnone wp-image-24793\" src=\"https:\/\/miguelhenriques.com\/wp-content\/uploads\/2025\/11\/Rapid_Filmworks-logo_W-01-300x169.png\" alt=\"\" width=\"150\" height=\"84\" srcset=\"https:\/\/miguelhenriques.com\/wp-content\/uploads\/2025\/11\/Rapid_Filmworks-logo_W-01-300x169.png 300w, https:\/\/miguelhenriques.com\/wp-content\/uploads\/2025\/11\/Rapid_Filmworks-logo_W-01-1024x576.png 1024w, https:\/\/miguelhenriques.com\/wp-content\/uploads\/2025\/11\/Rapid_Filmworks-logo_W-01-768x432.png 768w, https:\/\/miguelhenriques.com\/wp-content\/uploads\/2025\/11\/Rapid_Filmworks-logo_W-01-1536x864.png 1536w, https:\/\/miguelhenriques.com\/wp-content\/uploads\/2025\/11\/Rapid_Filmworks-logo_W-01-2048x1151.png 2048w\" sizes=\"(max-width: 150px) 100vw, 150px\" \/><\/a>\n<h2><span style=\"color: #999999;\"><a style=\"color: #999999;\" href=\"https:\/\/www.imdb.com\/name\/nm8559889\/\" target=\"_blank\" rel=\"noopener\"><img loading=\"lazy\" class=\"alignnone wp-image-24321\" src=\"https:\/\/miguelhenriques.com\/wp-content\/uploads\/2022\/10\/IMDB-300x148.png\" alt=\"\" width=\"100\" height=\"49\" srcset=\"https:\/\/miguelhenriques.com\/wp-content\/uploads\/2022\/10\/IMDB-300x148.png 300w, https:\/\/miguelhenriques.com\/wp-content\/uploads\/2022\/10\/IMDB-1024x504.png 1024w, https:\/\/miguelhenriques.com\/wp-content\/uploads\/2022\/10\/IMDB-768x378.png 768w, https:\/\/miguelhenriques.com\/wp-content\/uploads\/2022\/10\/IMDB-1536x757.png 1536w, https:\/\/miguelhenriques.com\/wp-content\/uploads\/2022\/10\/IMDB-2048x1009.png 2048w\" sizes=\"(max-width: 100px) 100vw, 100px\" \/><\/a><\/span><\/h2>\n<p>&nbsp;<\/p>\n<div style=\"position: relative; width: 100%; max-width: 100%;\">\n<p><iframe loading=\"lazy\" src=\"https:\/\/player.vimeo.com\/video\/1132124985?title=0&amp;byline=0&amp;portrait=0\" width=\"1024\" height=\"576\" frameborder=\"0\" allowfullscreen=\"allowfullscreen\"><br \/>\n<\/iframe><\/p>\n<h4><span style=\"color: #ffffff;\"><strong>TRACKING VEHICLE <\/strong><em>\/\/REEL 2025<\/em><\/span><\/h4>\n<\/div>\n","protected":false},"excerpt":{"rendered":"<p>OP\u00c9RATEUR CERTIFI\u00c9 Miguel, copropri\u00e9taire de RAPID FILMWORKS INC. depuis 2025, met son expertise d\u2019op\u00e9rateur des l\u00e9gendaires \u00ab Camera Car Systems \u00bb (U-CRANE) et son engagement en tant que membre de l\u2019IATSE 667 et de l\u2019AQTIS 514 IATSE au service de vos productions. RAPID FILMWORKS vous&hellip;<\/p>\n","protected":false},"author":1,"featured_media":25123,"parent":0,"menu_order":0,"comment_status":"closed","ping_status":"closed","template":"template-remote-head.php","meta":{"_monsterinsights_skip_tracking":false,"_monsterinsights_sitenote_active":false,"_monsterinsights_sitenote_note":"","_monsterinsights_sitenote_category":0,"spay_email":""},"acf":[],"_links":{"self":[{"href":"https:\/\/miguelhenriques.com\/fr\/wp-json\/wp\/v2\/pages\/20860"}],"collection":[{"href":"https:\/\/miguelhenriques.com\/fr\/wp-json\/wp\/v2\/pages"}],"about":[{"href":"https:\/\/miguelhenriques.com\/fr\/wp-json\/wp\/v2\/types\/page"}],"author":[{"embeddable":true,"href":"https:\/\/miguelhenriques.com\/fr\/wp-json\/wp\/v2\/users\/1"}],"replies":[{"embeddable":true,"href":"https:\/\/miguelhenriques.com\/fr\/wp-json\/wp\/v2\/comments?post=20860"}],"version-history":[{"count":209,"href":"https:\/\/miguelhenriques.com\/fr\/wp-json\/wp\/v2\/pages\/20860\/revisions"}],"predecessor-version":[{"id":25329,"href":"https:\/\/miguelhenriques.com\/fr\/wp-json\/wp\/v2\/pages\/20860\/revisions\/25329"}],"wp:featuredmedia":[{"embeddable":true,"href":"https:\/\/miguelhenriques.com\/fr\/wp-json\/wp\/v2\/media\/25123"}],"wp:attachment":[{"href":"https:\/\/miguelhenriques.com\/fr\/wp-json\/wp\/v2\/media?parent=20860"}],"curies":[{"name":"wp","href":"https:\/\/api.w.org\/{rel}","templated":true}]}}