{"id":114,"date":"2014-04-17T16:48:33","date_gmt":"2014-04-17T15:48:33","guid":{"rendered":"http:\/\/miguelhenriques.com\/beta\/?page_id=114"},"modified":"2025-09-10T17:45:38","modified_gmt":"2025-09-10T16:45:38","slug":"contact","status":"publish","type":"page","link":"https:\/\/miguelhenriques.com\/fr\/contact\/","title":{"rendered":"CONTACTEZ-MOI"},"content":{"rendered":"<p>Bas\u00e9 \u00e0 <b>Montr\u00e9al et Toronto<\/b>, je mets mon expertise au service de vos projets partout dans le monde. Qu\u2019il s\u2019agisse de productions t\u00e9l\u00e9visuelles, fiction, sportives ou publicitaires , j\u2019apporte cr\u00e9ativit\u00e9, pr\u00e9cision et exp\u00e9rience pour donner vie \u00e0 vos histoires.\u00a0Avec une solide exp\u00e9rience internationale, je vous accompagne dans vos tournages <b>au Canada comme \u00e0 l\u2019\u00e9tranger,<\/b>\u00a0toujours avec la m\u00eame passion pour l\u2019image cin\u00e9matographique.<\/p>\n<p>Vous aimeriez que l\u2019on travaille ensemble? Vous avez des questions?<\/p>\n<p>Contactez-moi par <span style=\"color: #ffffff;\"><a style=\"color: #ffffff;\" href=\"mailto:bookings@miguelhenriques.com\"><span style=\"text-decoration: underline;\"><strong>EMAIL<\/strong><\/span><\/a> <\/span>ou remplissez simplement le formulaire ci-dessous :<\/p>\n<p>&nbsp;<\/p>\n<div role=\"form\" class=\"wpcf7\" id=\"wpcf7-f7132-o1\" lang=\"fr-FR\" dir=\"ltr\">\n<div class=\"screen-reader-response\"><p role=\"status\" aria-live=\"polite\" aria-atomic=\"true\"><\/p> <ul><\/ul><\/div>\n<form action=\"\/fr\/wp-json\/wp\/v2\/pages\/114#wpcf7-f7132-o1\" method=\"post\" class=\"wpcf7-form init\" novalidate=\"novalidate\" data-status=\"init\">\n<div style=\"display: none;\">\n<input type=\"hidden\" name=\"_wpcf7\" value=\"7132\" \/>\n<input type=\"hidden\" name=\"_wpcf7_version\" value=\"5.5.6.1\" \/>\n<input type=\"hidden\" name=\"_wpcf7_locale\" value=\"fr_FR\" \/>\n<input type=\"hidden\" name=\"_wpcf7_unit_tag\" value=\"wpcf7-f7132-o1\" \/>\n<input type=\"hidden\" name=\"_wpcf7_container_post\" value=\"0\" \/>\n<input type=\"hidden\" name=\"_wpcf7_posted_data_hash\" value=\"\" \/>\n<\/div>\n<p><span class=\"wpcf7-form-control-wrap your-name\"><input type=\"text\" name=\"your-name\" value=\"\" size=\"40\" class=\"wpcf7-form-control wpcf7-text wpcf7-validates-as-required\" aria-required=\"true\" aria-invalid=\"false\" placeholder=\"Nom*\" \/><\/span><\/p>\n<p><span class=\"wpcf7-form-control-wrap your-phone\"><input type=\"text\" name=\"your-phone\" value=\"\" size=\"40\" class=\"wpcf7-form-control wpcf7-text wpcf7-validates-as-required\" aria-required=\"true\" aria-invalid=\"false\" placeholder=\"T\u00e9l\u00e9phone*\" \/><\/span><\/p>\n<p><span class=\"wpcf7-form-control-wrap your-email\"><input type=\"email\" name=\"your-email\" value=\"\" size=\"40\" class=\"wpcf7-form-control wpcf7-text wpcf7-email wpcf7-validates-as-required wpcf7-validates-as-email\" aria-required=\"true\" aria-invalid=\"false\" placeholder=\"Email*\" \/><\/span><\/p>\n<p><span class=\"wpcf7-form-control-wrap your-subject\"><input type=\"text\" name=\"your-subject\" value=\"\" size=\"40\" class=\"wpcf7-form-control wpcf7-text wpcf7-validates-as-required\" aria-required=\"true\" aria-invalid=\"false\" placeholder=\"Sujet*\" \/><\/span><\/p>\n<p><span class=\"wpcf7-form-control-wrap your-message\"><textarea name=\"your-message\" cols=\"40\" rows=\"10\" class=\"wpcf7-form-control wpcf7-textarea wpcf7-validates-as-required\" aria-required=\"true\" aria-invalid=\"false\" placeholder=\"Message*\"><\/textarea><\/span><\/p>\n<p><div id=\"cf7sr-69e7615c0ac57\" class=\"cf7sr-g-recaptcha\" data-sitekey=\"6Lf7KaQhAAAAADEs9RopQAc1Y8dW0SPqiceqwMdD\"><\/div><span class=\"wpcf7-form-control-wrap cf7sr-recaptcha\" data-name=\"cf7sr-recaptcha\"><input type=\"hidden\" name=\"cf7sr-recaptcha\" value=\"\" class=\"wpcf7-form-control\"><\/span><\/p>\n<p><input type=\"submit\" value=\"Envoyer\" class=\"wpcf7-form-control has-spinner wpcf7-submit\" \/><\/p>\n<div class=\"wpcf7-response-output\" aria-hidden=\"true\"><\/div><\/form><\/div>\n","protected":false},"excerpt":{"rendered":"<p>Bas\u00e9 \u00e0 Montr\u00e9al et Toronto, je mets mon expertise au service de vos projets partout dans le monde. Qu\u2019il s\u2019agisse de productions t\u00e9l\u00e9visuelles, fiction, sportives ou publicitaires , j\u2019apporte cr\u00e9ativit\u00e9, pr\u00e9cision et exp\u00e9rience pour donner vie \u00e0 vos histoires.\u00a0Avec une solide exp\u00e9rience internationale, je vous&hellip;<\/p>\n","protected":false},"author":1,"featured_media":0,"parent":0,"menu_order":0,"comment_status":"closed","ping_status":"closed","template":"template-gear.php","meta":{"_monsterinsights_skip_tracking":false,"_monsterinsights_sitenote_active":false,"_monsterinsights_sitenote_note":"","_monsterinsights_sitenote_category":0,"spay_email":""},"acf":[],"_links":{"self":[{"href":"https:\/\/miguelhenriques.com\/fr\/wp-json\/wp\/v2\/pages\/114"}],"collection":[{"href":"https:\/\/miguelhenriques.com\/fr\/wp-json\/wp\/v2\/pages"}],"about":[{"href":"https:\/\/miguelhenriques.com\/fr\/wp-json\/wp\/v2\/types\/page"}],"author":[{"embeddable":true,"href":"https:\/\/miguelhenriques.com\/fr\/wp-json\/wp\/v2\/users\/1"}],"replies":[{"embeddable":true,"href":"https:\/\/miguelhenriques.com\/fr\/wp-json\/wp\/v2\/comments?post=114"}],"version-history":[{"count":73,"href":"https:\/\/miguelhenriques.com\/fr\/wp-json\/wp\/v2\/pages\/114\/revisions"}],"predecessor-version":[{"id":24759,"href":"https:\/\/miguelhenriques.com\/fr\/wp-json\/wp\/v2\/pages\/114\/revisions\/24759"}],"wp:attachment":[{"href":"https:\/\/miguelhenriques.com\/fr\/wp-json\/wp\/v2\/media?parent=114"}],"curies":[{"name":"wp","href":"https:\/\/api.w.org\/{rel}","templated":true}]}}